{"id":43,"date":"2025-03-26T22:03:06","date_gmt":"2025-03-27T01:03:06","guid":{"rendered":"https:\/\/maratonapaulista.sbc.org.br\/?page_id=43"},"modified":"2026-04-13T14:56:32","modified_gmt":"2026-04-13T17:56:32","slug":"inscricoes","status":"publish","type":"page","link":"https:\/\/maratonapaulista.sbc.org.br\/?page_id=43","title":{"rendered":"Inscri\u00e7\u00f5es"},"content":{"rendered":"\n<p>Inscri\u00e7\u00f5es das escolas encerradas. <\/p>\n\n\n\n<p class=\"has-accent-3-color has-text-color has-link-color wp-elements-c94413954efa8e669999b21d5e3888d7\"><strong>A distribui\u00e7\u00e3o de vagas foi realizada!<\/strong> Agora, os(as) t\u00e9cnicos(as) devem preencher o fomul\u00e1rio de inscri\u00e7\u00f5es conforme instru\u00e7\u00f5es enviadas por e-mail. Caso n\u00e3o tenha recebido e-mail, verifique na pasta de spam, ou entre em contato por <a href=\"mailto:maratonapaulistadeprogramacao@gmail.com\" data-type=\"mailto\" data-id=\"mailto:maratonapaulistadeprogramacao@gmail.com\">e-mail<\/a> com a organiza\u00e7\u00e3o.<\/p>\n\n\n\n<hr class=\"wp-block-separator has-alpha-channel-opacity\"\/>\n\n\n\n<p>As inscri\u00e7\u00f5es ocorrem em dois momentos.<\/p>\n\n\n\n<p>No primeiro, h\u00e1 as inscri\u00e7\u00f5es das escolas.<\/p>\n\n\n\n<p style=\"text-decoration:line-through\">\ud83c\udf88 As inscri\u00e7\u00f5es das escolas devem ser feitas apenas pelos coaches usando <a href=\"https:\/\/forms.gle\/24FB8dw1Ub972VmQ9\" data-type=\"link\" data-id=\"https:\/\/forms.gle\/24FB8dw1Ub972VmQ9\" target=\"_blank\" rel=\"noreferrer noopener\">este formul\u00e1rio<\/a>, at\u00e9 o dia 31 de mar\u00e7o de 2026.<\/p>\n\n\n\n<p>No segundo, h\u00e1 as inscri\u00e7\u00f5es dos times.<\/p>\n\n\n\n<p>\ud83c\udf88 Os coaches cujas escolas foram inscritas recebe um e-mail com instru\u00e7\u00f5es para inscri\u00e7\u00e3o dos times, que deve ser feita pelo sistema ECOS da SBC entre 13 de abril e 8 de maio de 2026.<\/p>\n\n\n\n<p><\/p>\n\n\n\n<p>Confira nosso <a href=\"https:\/\/docs.google.com\/document\/d\/e\/2PACX-1vROIn9BrERbQGSgDWRbLT9qhBlQ7F9m7v9AAGkCFEbnv1IxchwgI_tqMIijBh_vpY7tpcfM5tTwGDFS\/pub\" target=\"_blank\" rel=\"noreferrer noopener\">regulamento<\/a>.<\/p>\n\n\n\n<hr class=\"wp-block-separator has-alpha-channel-opacity\"\/>\n\n\n\n<p>A sede da edi\u00e7\u00e3o de 2026 tem capacidade para aceitar 60 times.<\/p>\n\n\n\n<p><\/p>\n","protected":false},"excerpt":{"rendered":"<p>Inscri\u00e7\u00f5es das escolas encerradas. A distribui\u00e7\u00e3o de vagas foi realizada! Agora, os(as) t\u00e9cnicos(as) devem preencher o fomul\u00e1rio de inscri\u00e7\u00f5es conforme instru\u00e7\u00f5es enviadas por e-mail. Caso n\u00e3o tenha recebido e-mail, verifique na pasta de spam, ou entre em contato por e-mail com a organiza\u00e7\u00e3o. As inscri\u00e7\u00f5es ocorrem em dois momentos. No primeiro, h\u00e1 as inscri\u00e7\u00f5es das [&hellip;]<\/p>\n","protected":false},"author":3,"featured_media":0,"parent":0,"menu_order":0,"comment_status":"closed","ping_status":"closed","template":"","meta":{"footnotes":""},"class_list":["post-43","page","type-page","status-publish","hentry"],"_links":{"self":[{"href":"https:\/\/maratonapaulista.sbc.org.br\/index.php?rest_route=\/wp\/v2\/pages\/43","targetHints":{"allow":["GET"]}}],"collection":[{"href":"https:\/\/maratonapaulista.sbc.org.br\/index.php?rest_route=\/wp\/v2\/pages"}],"about":[{"href":"https:\/\/maratonapaulista.sbc.org.br\/index.php?rest_route=\/wp\/v2\/types\/page"}],"author":[{"embeddable":true,"href":"https:\/\/maratonapaulista.sbc.org.br\/index.php?rest_route=\/wp\/v2\/users\/3"}],"replies":[{"embeddable":true,"href":"https:\/\/maratonapaulista.sbc.org.br\/index.php?rest_route=%2Fwp%2Fv2%2Fcomments&post=43"}],"version-history":[{"count":15,"href":"https:\/\/maratonapaulista.sbc.org.br\/index.php?rest_route=\/wp\/v2\/pages\/43\/revisions"}],"predecessor-version":[{"id":250,"href":"https:\/\/maratonapaulista.sbc.org.br\/index.php?rest_route=\/wp\/v2\/pages\/43\/revisions\/250"}],"wp:attachment":[{"href":"https:\/\/maratonapaulista.sbc.org.br\/index.php?rest_route=%2Fwp%2Fv2%2Fmedia&parent=43"}],"curies":[{"name":"wp","href":"https:\/\/api.w.org\/{rel}","templated":true}]}}