{"id":37,"date":"2025-03-26T21:45:40","date_gmt":"2025-03-27T00:45:40","guid":{"rendered":"https:\/\/maratonapaulista.sbc.org.br\/?page_id=37"},"modified":"2026-02-12T11:27:03","modified_gmt":"2026-02-12T14:27:03","slug":"edicao-atual","status":"publish","type":"page","link":"https:\/\/maratonapaulista.sbc.org.br\/?page_id=37","title":{"rendered":"1\u00aa Edi\u00e7\u00e3o &#8211; 2025 &#8211; UFABC, Santo Andr\u00e9"},"content":{"rendered":"\n<h2 class=\"wp-block-heading\">Resultados<\/h2>\n\n\n\n<div data-wp-interactive=\"core\/file\" class=\"wp-block-file\"><object data-wp-bind--hidden=\"!state.hasPdfPreview\" hidden class=\"wp-block-file__embed\" data=\"https:\/\/maratonapaulista.sbc.org.br\/wp-content\/uploads\/2025\/05\/202505-Paulista.pdf\" type=\"application\/pdf\" style=\"width:100%;height:220px\" aria-label=\"Incorporado de 202505 - Paulista.\"><\/object><a id=\"wp-block-file--media-b6fbcd1a-ba57-4104-9bf3-7cd5274d0ed7\" href=\"https:\/\/maratonapaulista.sbc.org.br\/wp-content\/uploads\/2025\/05\/202505-Paulista.pdf\">202505 &#8211; Paulista<\/a><a href=\"https:\/\/maratonapaulista.sbc.org.br\/wp-content\/uploads\/2025\/05\/202505-Paulista.pdf\" class=\"wp-block-file__button wp-element-button\" download aria-describedby=\"wp-block-file--media-b6fbcd1a-ba57-4104-9bf3-7cd5274d0ed7\">Baixar<\/a><\/div>\n\n\n\n<div data-wp-interactive=\"core\/file\" class=\"wp-block-file\"><object data-wp-bind--hidden=\"!state.hasPdfPreview\" hidden class=\"wp-block-file__embed\" data=\"https:\/\/maratonapaulista.sbc.org.br\/wp-content\/uploads\/2025\/05\/202505-Paulista-CCL.pdf\" type=\"application\/pdf\" style=\"width:100%;height:290px\" aria-label=\"Incorporado de 202505 - Paulista CCL.\"><\/object><a id=\"wp-block-file--media-7eebf5a1-6367-428c-8338-524d33f33b5e\" href=\"https:\/\/maratonapaulista.sbc.org.br\/wp-content\/uploads\/2025\/05\/202505-Paulista-CCL.pdf\">202505 &#8211; Paulista CCL<\/a><a href=\"https:\/\/maratonapaulista.sbc.org.br\/wp-content\/uploads\/2025\/05\/202505-Paulista-CCL.pdf\" class=\"wp-block-file__button wp-element-button\" download aria-describedby=\"wp-block-file--media-7eebf5a1-6367-428c-8338-524d33f33b5e\">Baixar<\/a><\/div>\n\n\n\n<h2 class=\"wp-block-heading\">Detalhes da prova<\/h2>\n\n\n\n<p>Essa edi\u00e7\u00e3o contou com os seguintes 14 problemas e respectivos autores (veja aqui a <a href=\"https:\/\/maratonapaulista.sbc.org.br\/wp-content\/uploads\/2025\/05\/202505-Prova-MPP.pdf\" data-type=\"attachment\" data-id=\"140\" target=\"_blank\" rel=\"noreferrer noopener\">prova completa<\/a> e os <a href=\"https:\/\/drive.google.com\/file\/d\/13x2lyp2BmQ5W0Yb6sM0gzN_8NITNHsVL\/view?usp=sharing\" data-type=\"link\" data-id=\"https:\/\/drive.google.com\/file\/d\/13x2lyp2BmQ5W0Yb6sM0gzN_8NITNHsVL\/view?usp=sharing\" target=\"_blank\" rel=\"noreferrer noopener\">pacotes do Boca<\/a>):<\/p>\n\n\n\n<p>A &#8211; Alimente os tigres! &#8211; Wevton Santana<br>B &#8211; Bicicleta no Ibirapuera &#8211; Gabriel Dalalio<br>C &#8211; Cidades paulistas &#8211; Gabriel Dalalio \/ Vitor Hugo<br>D &#8211; Dog\u00e3o paulista &#8211; Gabriel Dalalio<br>E &#8211; Entregadores da 25 &#8211; Gabriel Dalalio<br>F &#8211; Fugindo do calor &#8211; Wevton Santana<br>G &#8211; Garantindo SP &#8211; Gabriel Dalalio<br>H &#8211; Hacker no sistema &#8211; Enrique Junchaya<br>I &#8211; Inventando com SSP-SP &#8211; Gabriel Dalalio<br>J &#8211; Juntando polin\u00f4mios &#8211; Gabriel Dalalio<br>K &#8211; Kickboxing &#8211; Enrique Junchaya<br>L &#8211; Livros ordenados &#8211; Enrique Junchaya<br>M &#8211; Mar com conchas &#8211; Gabriel Dalalio<br>N &#8211; N\u00famero dos degraus &#8211; Gabriel Dalalio<\/p>\n\n\n\n<h2 class=\"wp-block-heading\">Certificados<\/h2>\n\n\n\n<p><a href=\"https:\/\/drive.google.com\/drive\/folders\/12n-Mhd3UgEBTLQroAC-wFG9NLyzgQhLj?usp=sharing\" data-type=\"link\" data-id=\"https:\/\/drive.google.com\/drive\/folders\/12n-Mhd3UgEBTLQroAC-wFG9NLyzgQhLj?usp=sharing\" target=\"_blank\" rel=\"noreferrer noopener\">Clique aqui para acessar os certificados de participa\u00e7\u00e3o!<\/a><\/p>\n\n\n\n<h2 class=\"wp-block-heading\">Fotos<\/h2>\n\n\n\n<p><a href=\"https:\/\/photos.app.goo.gl\/4G2P3amp4ctxokXo8\">Clique aqui para acessar todas as fotos do dia!<\/a><\/p>\n\n\n\n<h2 class=\"wp-block-heading\">Programa\u00e7\u00e3o<\/h2>\n\n\n\n<p class=\"has-text-align-center\"><strong>8:00 \u00e0s 9:30 &#8211; Entrega dos kits<\/strong> (entrada do bloco A, antes de passar as catracas)<\/p>\n\n\n\n<p class=\"has-text-align-center\"><strong>9:30 &#8211; Abertura<\/strong> (bloco A, final da rampa)<\/p>\n\n\n\n<p class=\"has-text-align-center\"><strong>10:30 &#8211; Aquecimento<\/strong> (bloco A, 4\u00ba andar da Torre 2)<\/p>\n\n\n\n<p class=\"has-text-align-center\"><strong>12:00 &#8211; Almo\u00e7o<\/strong> (bloco A, final da rampa)<\/p>\n\n\n\n<p class=\"has-text-align-center\"><strong>14:00 &#8211; In\u00edcio da competi\u00e7\u00e3o<\/strong> (bloco A, 4\u00ba andar da Torre 2)<\/p>\n\n\n\n<p class=\"has-text-align-center\"><strong>19:00 &#8211; Encerramento<\/strong> (bloco A, final da rampa)<\/p>\n\n\n\n<p>Todas as atividades ocorrer\u00e3o no dia 17 de maio de 2025, na Universidade Federal do ABC, campus Santo Andr\u00e9, bloco A.<\/p>\n\n\n\n<div class=\"wp-block-group is-content-justification-center is-nowrap is-layout-flex wp-container-core-group-is-layout-23441af8 wp-block-group-is-layout-flex\">\n<iframe src=\"https:\/\/www.google.com\/maps\/embed?pb=!1m18!1m12!1m3!1d3366.092872754824!2d-46.52600442143228!3d-23.64795028191581!2m3!1f0!2f0!3f0!3m2!1i1024!2i768!4f13.1!3m3!1m2!1s0x94ce4297f35833ef%3A0xcd597ff4ce3030d7!2sEstacionamento%20UFABC%2C%20299%20-%20Tamanduate%C3%AD%205%2C%20Santo%20Andr%C3%A9%20-%20SP%2C%2009210-190!5e0!3m2!1sen!2sbr!4v1746736271842!5m2!1sen!2sbr\" width=\"500\" height=\"300\" style=\"border:0;\" allowfullscreen=\"\" loading=\"lazy\" referrerpolicy=\"no-referrer-when-downgrade\"><\/iframe>\n<\/div>\n\n\n\n<h2 class=\"wp-block-heading\">Participantes<\/h2>\n\n\n\n<p>Al\u00e9m dos times de institui\u00e7\u00f5es de ensino superior, tamb\u00e9m ser\u00e3o convidados times de escolas do Ensino B\u00e1sico para a competi\u00e7\u00e3o.<\/p>\n\n\n\n<p>Teremos uma competi\u00e7\u00e3o online aberta ao p\u00fablico geral.<\/p>\n\n\n\n<h2 class=\"wp-block-heading\">Patrocinadores<\/h2>\n\n\n\n<div class=\"wp-block-columns is-layout-flex wp-container-core-columns-is-layout-28f84493 wp-block-columns-is-layout-flex\">\n<div class=\"wp-block-column is-layout-flow wp-block-column-is-layout-flow\">\n<figure class=\"wp-block-image size-large is-resized\"><img loading=\"lazy\" decoding=\"async\" width=\"1024\" height=\"623\" src=\"https:\/\/maratonapaulista.sbc.org.br\/wp-content\/uploads\/2025\/04\/uber-1024x623.png\" alt=\"\" class=\"wp-image-71\" style=\"width:263px;height:auto\" srcset=\"https:\/\/maratonapaulista.sbc.org.br\/wp-content\/uploads\/2025\/04\/uber-1024x623.png 1024w, https:\/\/maratonapaulista.sbc.org.br\/wp-content\/uploads\/2025\/04\/uber-300x183.png 300w, https:\/\/maratonapaulista.sbc.org.br\/wp-content\/uploads\/2025\/04\/uber-768x468.png 768w, https:\/\/maratonapaulista.sbc.org.br\/wp-content\/uploads\/2025\/04\/uber-1536x935.png 1536w, https:\/\/maratonapaulista.sbc.org.br\/wp-content\/uploads\/2025\/04\/uber-2048x1247.png 2048w\" sizes=\"auto, (max-width: 1024px) 100vw, 1024px\" \/><\/figure>\n<\/div>\n\n\n\n<div class=\"wp-block-column is-layout-flow wp-block-column-is-layout-flow\">\n<figure class=\"wp-block-image size-large is-resized\"><img loading=\"lazy\" decoding=\"async\" width=\"1024\" height=\"440\" src=\"https:\/\/maratonapaulista.sbc.org.br\/wp-content\/uploads\/2025\/04\/inteli-1024x440.png\" alt=\"\" class=\"wp-image-74\" style=\"width:264px;height:auto\" srcset=\"https:\/\/maratonapaulista.sbc.org.br\/wp-content\/uploads\/2025\/04\/inteli-1024x440.png 1024w, https:\/\/maratonapaulista.sbc.org.br\/wp-content\/uploads\/2025\/04\/inteli-300x129.png 300w, https:\/\/maratonapaulista.sbc.org.br\/wp-content\/uploads\/2025\/04\/inteli-768x330.png 768w, https:\/\/maratonapaulista.sbc.org.br\/wp-content\/uploads\/2025\/04\/inteli.png 1337w\" sizes=\"auto, (max-width: 1024px) 100vw, 1024px\" \/><\/figure>\n<\/div>\n\n\n\n<div class=\"wp-block-column is-vertically-aligned-center is-layout-flow wp-block-column-is-layout-flow\">\n<figure class=\"wp-block-image size-full is-resized\"><img loading=\"lazy\" decoding=\"async\" width=\"903\" height=\"276\" src=\"https:\/\/maratonapaulista.sbc.org.br\/wp-content\/uploads\/2025\/05\/WhatsApp_Image_2025-04-29_at_09.28.09-removebg-preview.png\" alt=\"\" class=\"wp-image-86\" style=\"width:256px;height:auto\" srcset=\"https:\/\/maratonapaulista.sbc.org.br\/wp-content\/uploads\/2025\/05\/WhatsApp_Image_2025-04-29_at_09.28.09-removebg-preview.png 903w, https:\/\/maratonapaulista.sbc.org.br\/wp-content\/uploads\/2025\/05\/WhatsApp_Image_2025-04-29_at_09.28.09-removebg-preview-300x92.png 300w, https:\/\/maratonapaulista.sbc.org.br\/wp-content\/uploads\/2025\/05\/WhatsApp_Image_2025-04-29_at_09.28.09-removebg-preview-768x235.png 768w\" sizes=\"auto, (max-width: 903px) 100vw, 903px\" \/><\/figure>\n<\/div>\n<\/div>\n\n\n\n<h2 class=\"wp-block-heading\">Apoio<\/h2>\n\n\n\n<div class=\"wp-block-columns is-layout-flex wp-container-core-columns-is-layout-28f84493 wp-block-columns-is-layout-flex\">\n<div class=\"wp-block-column is-vertically-aligned-top is-layout-flow wp-block-column-is-layout-flow\">\n<figure class=\"wp-block-image aligncenter size-full is-resized\"><img loading=\"lazy\" decoding=\"async\" width=\"450\" height=\"676\" src=\"https:\/\/maratonapaulista.sbc.org.br\/wp-content\/uploads\/2025\/04\/sbc-2.png\" alt=\"\" class=\"wp-image-79\" style=\"width:99px;height:auto\" srcset=\"https:\/\/maratonapaulista.sbc.org.br\/wp-content\/uploads\/2025\/04\/sbc-2.png 450w, https:\/\/maratonapaulista.sbc.org.br\/wp-content\/uploads\/2025\/04\/sbc-2-200x300.png 200w\" sizes=\"auto, (max-width: 450px) 100vw, 450px\" \/><\/figure>\n<\/div>\n\n\n\n<div class=\"wp-block-column is-layout-flow wp-block-column-is-layout-flow\">\n<figure class=\"wp-block-image aligncenter size-full is-resized\"><img loading=\"lazy\" decoding=\"async\" width=\"496\" height=\"489\" src=\"https:\/\/maratonapaulista.sbc.org.br\/wp-content\/uploads\/2025\/04\/logo-ufabc.png\" alt=\"\" class=\"wp-image-77\" style=\"width:128px;height:auto\" srcset=\"https:\/\/maratonapaulista.sbc.org.br\/wp-content\/uploads\/2025\/04\/logo-ufabc.png 496w, https:\/\/maratonapaulista.sbc.org.br\/wp-content\/uploads\/2025\/04\/logo-ufabc-300x296.png 300w\" sizes=\"auto, (max-width: 496px) 100vw, 496px\" \/><\/figure>\n<\/div>\n<\/div>\n\n\n\n<h2 class=\"wp-block-heading\">Organiza\u00e7\u00e3o<\/h2>\n\n\n\n<p>Cristiane Maria Sato (local)<br>Carla Negri Lintzmayer (local)<br>Maycon Sambinelli (local)<br>Crishna Irion<br>Gra\u00e7a Tomazela<br>Lucy Mari Tabuti<br>M\u00e1rcio Oshiro<br>Reinaldo Arakaki<br>Rodolfo Goya<\/p>\n\n\n\n<h2 class=\"wp-block-heading\">Staff<\/h2>\n\n\n\n<p>Amanda<br>Aritanan Borges Garcia Gruber<br>Bianca Coutinho<br>Davi Haikel<br>Estefanie Moura<br>Fabio Ferreira De Assis<br>Gabriel Henrique<br>Gabriel Santiago<br>Jo\u00e3o Vitor<br>Jonathan Andrade<br>Kayky Tajima<br>Lara Moreira<br>Laura<br>Maisa Arag\u00e3o<br>Mario Leston Rey<br>Mateus Coelho Silva<br>Matheus Kole<br>Matheus Macedo<br>Nicolly<br>Paulo Henrique Pisani<br>Ryan Melo<br>Silas Justiniano<br>Vitor Hernandes<\/p>\n\n\n\n<p><\/p>\n","protected":false},"excerpt":{"rendered":"<p>Resultados Detalhes da prova Essa edi\u00e7\u00e3o contou com os seguintes 14 problemas e respectivos autores (veja aqui a prova completa e os pacotes do Boca): A &#8211; Alimente os tigres! &#8211; Wevton SantanaB &#8211; Bicicleta no Ibirapuera &#8211; Gabriel DalalioC &#8211; Cidades paulistas &#8211; Gabriel Dalalio \/ Vitor HugoD &#8211; Dog\u00e3o paulista &#8211; Gabriel DalalioE [&hellip;]<\/p>\n","protected":false},"author":3,"featured_media":0,"parent":132,"menu_order":0,"comment_status":"closed","ping_status":"closed","template":"","meta":{"footnotes":""},"class_list":["post-37","page","type-page","status-publish","hentry"],"_links":{"self":[{"href":"https:\/\/maratonapaulista.sbc.org.br\/index.php?rest_route=\/wp\/v2\/pages\/37","targetHints":{"allow":["GET"]}}],"collection":[{"href":"https:\/\/maratonapaulista.sbc.org.br\/index.php?rest_route=\/wp\/v2\/pages"}],"about":[{"href":"https:\/\/maratonapaulista.sbc.org.br\/index.php?rest_route=\/wp\/v2\/types\/page"}],"author":[{"embeddable":true,"href":"https:\/\/maratonapaulista.sbc.org.br\/index.php?rest_route=\/wp\/v2\/users\/3"}],"replies":[{"embeddable":true,"href":"https:\/\/maratonapaulista.sbc.org.br\/index.php?rest_route=%2Fwp%2Fv2%2Fcomments&post=37"}],"version-history":[{"count":30,"href":"https:\/\/maratonapaulista.sbc.org.br\/index.php?rest_route=\/wp\/v2\/pages\/37\/revisions"}],"predecessor-version":[{"id":218,"href":"https:\/\/maratonapaulista.sbc.org.br\/index.php?rest_route=\/wp\/v2\/pages\/37\/revisions\/218"}],"up":[{"embeddable":true,"href":"https:\/\/maratonapaulista.sbc.org.br\/index.php?rest_route=\/wp\/v2\/pages\/132"}],"wp:attachment":[{"href":"https:\/\/maratonapaulista.sbc.org.br\/index.php?rest_route=%2Fwp%2Fv2%2Fmedia&parent=37"}],"curies":[{"name":"wp","href":"https:\/\/api.w.org\/{rel}","templated":true}]}}