{"id":2,"date":"2025-03-07T12:02:34","date_gmt":"2025-03-07T15:02:34","guid":{"rendered":"https:\/\/maratonapaulista.sbc.org.br\/?page_id=2"},"modified":"2026-02-12T12:00:49","modified_gmt":"2026-02-12T15:00:49","slug":"pagina-exemplo","status":"publish","type":"page","link":"https:\/\/maratonapaulista.sbc.org.br\/?page_id=2","title":{"rendered":"Sobre"},"content":{"rendered":"\n<p>Conhe\u00e7a nosso <a href=\"https:\/\/docs.google.com\/document\/d\/e\/2PACX-1vSuIVHvxI-s3avFfYfkWluU9W5aJo854gDjLM5W7ffiwNbIhAZpnWnKFv6qPUAemBeO-FzmhSSxc5ts\/pub\" target=\"_blank\" rel=\"noreferrer noopener\">manifesto<\/a> e nosso <a href=\"https:\/\/docs.google.com\/document\/d\/e\/2PACX-1vROIn9BrERbQGSgDWRbLT9qhBlQ7F9m7v9AAGkCFEbnv1IxchwgI_tqMIijBh_vpY7tpcfM5tTwGDFS\/pub\" target=\"_blank\" rel=\"noreferrer noopener\">regulamento<\/a>.<\/p>\n\n\n\n<hr class=\"wp-block-separator has-alpha-channel-opacity\"\/>\n\n\n\n<p>A Maratona Paulista de Programa\u00e7\u00e3o (MPP) \u00e9 um evento realizado pela <a href=\"https:\/\/www.sbc.org.br\/\" target=\"_blank\" rel=\"noreferrer noopener\">Sociedade Brasileira de Computa\u00e7\u00e3o<\/a> (SBC). Foi idealizada em 2024, durante a primeira fase da <a href=\"https:\/\/maratona.sbc.org.br\/\" target=\"_blank\" rel=\"noreferrer noopener\">Maratona SBC de Programa\u00e7\u00e3o<\/a>. \u00c9 um evento sem fins lucrativos, realizado por volunt\u00e1rios, que, em sua maioria, s\u00e3o professores de institui\u00e7\u00f5es de ensino superior, com a colabora\u00e7\u00e3o de institui\u00e7\u00f5es de ensino superior e de parceiros patrocinadores. \u00c9 uma competi\u00e7\u00e3o que se destina a estudantes dos cursos de gradua\u00e7\u00e3o e in\u00edcio da p\u00f3s-gradua\u00e7\u00e3o de universidades presentes no estado de S\u00e3o Paulo.<\/p>\n\n\n\n<p>A MPP \u00e9 inspirada no <a href=\"https:\/\/icpc.global\/\" target=\"_blank\" rel=\"noreferrer noopener\">ICPC<\/a> (International Collegiate Programming Contest) &#8211; a maior competi\u00e7\u00e3o de estudantes universit\u00e1rios de programa\u00e7\u00e3o do mundo, seguindo seu modelo de competi\u00e7\u00e3o, de prova e de forma\u00e7\u00e3o de times. Sendo assim, \u00e9 um evento preparat\u00f3rio para estudantes do estado de S\u00e3o Paulo que queiram participar desta competi\u00e7\u00e3o.<\/p>\n\n\n\n<h2 class=\"wp-block-heading\"><strong>Sobre a SBC<\/strong><\/h2>\n\n\n\n<p>A Sociedade Brasileira de Computa\u00e7\u00e3o &#8211; SBC \u00e9 uma Sociedade Cient\u00edfica sem fins lucrativos, fundada em julho de 1978, que re\u00fane estudantes, professores, profissionais, pesquisadores e entusiastas da \u00e1rea da Computa\u00e7\u00e3o e Inform\u00e1tica de todo o pa\u00eds.<\/p>\n\n\n\n<p>A SBC tem como fun\u00e7\u00e3o fomentar o acesso \u00e0 informa\u00e7\u00e3o e cultura por meio da inform\u00e1tica, promover a inclus\u00e3o digital, incentivar a pesquisa e o ensino em computa\u00e7\u00e3o no Brasil, e contribuir para a forma\u00e7\u00e3o do profissional da computa\u00e7\u00e3o com responsabilidade social. <\/p>\n\n\n\n<p>Para organiza\u00e7\u00e3o e divulga\u00e7\u00e3o de atividades, a\u00e7\u00f5es e eventos cient\u00edficos, t\u00e9cnicos, educacionais e pol\u00edticos, a SBC mant\u00e9m uma estrutura de tr\u00eas tipos de Grupos Tem\u00e1ticos (GT), que s\u00e3o as Grandes \u00c1reas (GA), as Comiss\u00f5es Especiais (CE) e os Grupos de Interesses (GI). Estes grupos re\u00fanem associados com interesses comuns em sub\u00e1reas da computa\u00e7\u00e3o.<\/p>\n","protected":false},"excerpt":{"rendered":"<p>Conhe\u00e7a nosso manifesto e nosso regulamento. A Maratona Paulista de Programa\u00e7\u00e3o (MPP) \u00e9 um evento realizado pela Sociedade Brasileira de Computa\u00e7\u00e3o (SBC). Foi idealizada em 2024, durante a primeira fase da Maratona SBC de Programa\u00e7\u00e3o. \u00c9 um evento sem fins lucrativos, realizado por volunt\u00e1rios, que, em sua maioria, s\u00e3o professores de institui\u00e7\u00f5es de ensino superior, [&hellip;]<\/p>\n","protected":false},"author":1,"featured_media":0,"parent":0,"menu_order":0,"comment_status":"closed","ping_status":"open","template":"","meta":{"footnotes":""},"class_list":["post-2","page","type-page","status-publish","hentry"],"_links":{"self":[{"href":"https:\/\/maratonapaulista.sbc.org.br\/index.php?rest_route=\/wp\/v2\/pages\/2","targetHints":{"allow":["GET"]}}],"collection":[{"href":"https:\/\/maratonapaulista.sbc.org.br\/index.php?rest_route=\/wp\/v2\/pages"}],"about":[{"href":"https:\/\/maratonapaulista.sbc.org.br\/index.php?rest_route=\/wp\/v2\/types\/page"}],"author":[{"embeddable":true,"href":"https:\/\/maratonapaulista.sbc.org.br\/index.php?rest_route=\/wp\/v2\/users\/1"}],"replies":[{"embeddable":true,"href":"https:\/\/maratonapaulista.sbc.org.br\/index.php?rest_route=%2Fwp%2Fv2%2Fcomments&post=2"}],"version-history":[{"count":5,"href":"https:\/\/maratonapaulista.sbc.org.br\/index.php?rest_route=\/wp\/v2\/pages\/2\/revisions"}],"predecessor-version":[{"id":227,"href":"https:\/\/maratonapaulista.sbc.org.br\/index.php?rest_route=\/wp\/v2\/pages\/2\/revisions\/227"}],"wp:attachment":[{"href":"https:\/\/maratonapaulista.sbc.org.br\/index.php?rest_route=%2Fwp%2Fv2%2Fmedia&parent=2"}],"curies":[{"name":"wp","href":"https:\/\/api.w.org\/{rel}","templated":true}]}}