{"id":157,"date":"2026-02-11T18:05:18","date_gmt":"2026-02-11T21:05:18","guid":{"rendered":"https:\/\/maratonapaulista.sbc.org.br\/?page_id=157"},"modified":"2026-02-13T20:18:34","modified_gmt":"2026-02-13T23:18:34","slug":"2a-edicao-2026-unicamp-campinas","status":"publish","type":"page","link":"https:\/\/maratonapaulista.sbc.org.br\/?page_id=157","title":{"rendered":"2\u00aa Edi\u00e7\u00e3o &#8211; 2026 &#8211; Unicamp, Campinas"},"content":{"rendered":"\n<p>A segunda edi\u00e7\u00e3o da Maratona SBC Paulista de programa\u00e7\u00e3o ir\u00e1 ocorrer em <strong>20 de junho de 2026<\/strong>, na Unicamp, Campinas.<\/p>\n\n\n\n<div class=\"wp-block-buttons is-content-justification-center is-layout-flex wp-container-core-buttons-is-layout-a89b3969 wp-block-buttons-is-layout-flex\">\n<div class=\"wp-block-button\"><a class=\"wp-block-button__link wp-element-button\" href=\"https:\/\/maratonapaulista.sbc.org.br\/?page_id=43\">Informa\u00e7\u00f5es sobre inscri\u00e7\u00f5es<\/a><\/div>\n<\/div>\n\n\n\n<h2 class=\"wp-block-heading\">Realiza\u00e7\u00e3o<\/h2>\n\n\n\n<div class=\"wp-block-columns is-layout-flex wp-container-core-columns-is-layout-28f84493 wp-block-columns-is-layout-flex\">\n<div class=\"wp-block-column is-layout-flow wp-block-column-is-layout-flow\">\n<figure class=\"wp-block-image aligncenter size-thumbnail\"><img loading=\"lazy\" decoding=\"async\" width=\"150\" height=\"150\" src=\"https:\/\/maratonapaulista.sbc.org.br\/wp-content\/uploads\/2026\/02\/sbc-logo-centro-150x150.png\" alt=\"\" class=\"wp-image-177\"\/><\/figure>\n<\/div>\n<\/div>\n\n\n\n<h2 class=\"wp-block-heading\">Apoio<\/h2>\n\n\n\n<div class=\"wp-block-columns is-layout-flex wp-container-core-columns-is-layout-28f84493 wp-block-columns-is-layout-flex\">\n<div class=\"wp-block-column is-layout-flow wp-block-column-is-layout-flow\">\n<figure class=\"wp-block-image aligncenter size-full is-resized\"><img loading=\"lazy\" decoding=\"async\" width=\"400\" height=\"200\" src=\"https:\/\/maratonapaulista.sbc.org.br\/wp-content\/uploads\/2026\/02\/logo_unicamp_ic.png\" alt=\"\" class=\"wp-image-168\" style=\"width:282px;height:auto\" srcset=\"https:\/\/maratonapaulista.sbc.org.br\/wp-content\/uploads\/2026\/02\/logo_unicamp_ic.png 400w, https:\/\/maratonapaulista.sbc.org.br\/wp-content\/uploads\/2026\/02\/logo_unicamp_ic-300x150.png 300w\" sizes=\"auto, (max-width: 400px) 100vw, 400px\" \/><\/figure>\n<\/div>\n<\/div>\n\n\n\n<h2 class=\"wp-block-heading\">Organiza\u00e7\u00e3o<\/h2>\n\n\n\n<p>Lehilton Pedrosa (local)<br>Rafael Schouery  (local)<br>Santiago Vald\u00e9s Ravelo (local)<br>Cristiane Maria Sato<br>Carla Negri Lintzmayer<br>Crishna Irion<br>Lucy Mari Tabuti<\/p>\n","protected":false},"excerpt":{"rendered":"<p>A segunda edi\u00e7\u00e3o da Maratona SBC Paulista de programa\u00e7\u00e3o ir\u00e1 ocorrer em 20 de junho de 2026, na Unicamp, Campinas. Realiza\u00e7\u00e3o Apoio Organiza\u00e7\u00e3o Lehilton Pedrosa (local)Rafael Schouery (local)Santiago Vald\u00e9s Ravelo (local)Cristiane Maria SatoCarla Negri LintzmayerCrishna IrionLucy Mari Tabuti<\/p>\n","protected":false},"author":6,"featured_media":0,"parent":132,"menu_order":0,"comment_status":"closed","ping_status":"closed","template":"","meta":{"footnotes":""},"class_list":["post-157","page","type-page","status-publish","hentry"],"_links":{"self":[{"href":"https:\/\/maratonapaulista.sbc.org.br\/index.php?rest_route=\/wp\/v2\/pages\/157","targetHints":{"allow":["GET"]}}],"collection":[{"href":"https:\/\/maratonapaulista.sbc.org.br\/index.php?rest_route=\/wp\/v2\/pages"}],"about":[{"href":"https:\/\/maratonapaulista.sbc.org.br\/index.php?rest_route=\/wp\/v2\/types\/page"}],"author":[{"embeddable":true,"href":"https:\/\/maratonapaulista.sbc.org.br\/index.php?rest_route=\/wp\/v2\/users\/6"}],"replies":[{"embeddable":true,"href":"https:\/\/maratonapaulista.sbc.org.br\/index.php?rest_route=%2Fwp%2Fv2%2Fcomments&post=157"}],"version-history":[{"count":9,"href":"https:\/\/maratonapaulista.sbc.org.br\/index.php?rest_route=\/wp\/v2\/pages\/157\/revisions"}],"predecessor-version":[{"id":239,"href":"https:\/\/maratonapaulista.sbc.org.br\/index.php?rest_route=\/wp\/v2\/pages\/157\/revisions\/239"}],"up":[{"embeddable":true,"href":"https:\/\/maratonapaulista.sbc.org.br\/index.php?rest_route=\/wp\/v2\/pages\/132"}],"wp:attachment":[{"href":"https:\/\/maratonapaulista.sbc.org.br\/index.php?rest_route=%2Fwp%2Fv2%2Fmedia&parent=157"}],"curies":[{"name":"wp","href":"https:\/\/api.w.org\/{rel}","templated":true}]}}